{"id":382,"date":"2025-01-15T10:12:09","date_gmt":"2025-01-15T10:12:09","guid":{"rendered":"https:\/\/stage.ridescouts.eu\/?post_type=product&#038;p=382"},"modified":"2025-04-08T11:08:20","modified_gmt":"2025-04-08T11:08:20","slug":"otocac-gospic","status":"publish","type":"product","link":"https:\/\/topenascouts.vps.webdock.cloud\/en\/product\/otocac-gospic\/","title":{"rendered":"Oto\u010dac &#8211; Gospi\u0107"},"content":{"rendered":"<p>Embark on a scenic cycling trip through the heart of Lika, connecting the towns of Oto\u010dac and Gospi\u0107. This route offers a mix of serene natural landscapes, traditional villages, and glimpses into the rich cultural heritage of the region. The route leads you through the Gacka Valley, known for its crystal-clear river and lush green fields.<\/p>\n<p><img loading=\"lazy\" decoding=\"async\" class=\"alignnone size-medium wp-image-154\" src=\"https:\/\/topenascouts.vps.webdock.cloud\/app\/uploads\/2025\/01\/Gospic-300x155.jpg\" alt=\"\" width=\"300\" height=\"155\" \/><\/p>\n<p>The river is a haven for fly fishing and adds a tranquil ambiance to your ride.Your destination, Gospi\u0107, is the cultural and administrative center of the Lika region. Explore landmarks like the Nikola Tesla Memorial Center in nearby Smiljan, honoring the famous inventor born in this area.<\/p>\n<p><img loading=\"lazy\" decoding=\"async\" class=\"alignnone size-medium wp-image-160\" src=\"https:\/\/topenascouts.vps.webdock.cloud\/app\/uploads\/2025\/01\/Dijagram-visina-Otocac-Gospic-300x68.jpg\" alt=\"\" width=\"300\" height=\"68\" \/><\/p>\n","protected":false},"excerpt":{"rendered":"<p>This tour is connecting the towns of Oto\u010dac and Gospi\u0107. This route offers a mix of serene natural landscapes, traditional villages, and glimpses into the rich cultural heritage of the region.<\/p>\n","protected":false},"featured_media":404,"comment_status":"open","ping_status":"closed","template":"","meta":{"_acf_changed":false},"region":[17,72,68,44],"product_brand":[],"product_cat":[16],"product_tag":[],"class_list":{"0":"post-382","1":"product","2":"type-product","3":"status-publish","4":"has-post-thumbnail","6":"region-croatia","7":"region-gospic","8":"region-gracac","9":"region-lika","10":"product_cat-uncategorized","12":"first","13":"instock","14":"virtual","15":"purchasable","16":"product-type-ovatb_tour"},"acf":[],"yoast_head":"<!-- This site is optimized with the Yoast SEO plugin v24.7 - https:\/\/yoast.com\/wordpress\/plugins\/seo\/ -->\n<title>Oto\u010dac - Gospi\u0107 - Ridescouts<\/title>\n<meta name=\"robots\" content=\"index, follow, max-snippet:-1, max-image-preview:large, max-video-preview:-1\" \/>\n<link rel=\"canonical\" href=\"https:\/\/topenascouts.vps.webdock.cloud\/en\/product\/otocac-gospic\/\" \/>\n<meta property=\"og:locale\" content=\"en_US\" \/>\n<meta property=\"og:type\" content=\"article\" \/>\n<meta property=\"og:title\" content=\"Oto\u010dac - Gospi\u0107 - Ridescouts\" \/>\n<meta property=\"og:description\" content=\"This tour is connecting the towns of Oto\u010dac and Gospi\u0107. This route offers a mix of serene natural landscapes, traditional villages, and glimpses into the rich cultural heritage of the region.\" \/>\n<meta property=\"og:url\" content=\"https:\/\/topenascouts.vps.webdock.cloud\/en\/product\/otocac-gospic\/\" \/>\n<meta property=\"og:site_name\" content=\"Ridescouts\" \/>\n<meta property=\"article:modified_time\" content=\"2025-04-08T11:08:20+00:00\" \/>\n<meta property=\"og:image\" content=\"https:\/\/topenascouts.vps.webdock.cloud\/app\/uploads\/2025\/01\/Mlinice-Majerove-za-web-1.jpg\" \/>\n\t<meta property=\"og:image:width\" content=\"800\" \/>\n\t<meta property=\"og:image:height\" content=\"533\" \/>\n\t<meta property=\"og:image:type\" content=\"image\/jpeg\" \/>\n<meta name=\"twitter:card\" content=\"summary_large_image\" \/>\n<meta name=\"twitter:label1\" content=\"Est. reading time\" \/>\n\t<meta name=\"twitter:data1\" content=\"2 minutes\" \/>\n<script type=\"application\/ld+json\" class=\"yoast-schema-graph\">{\"@context\":\"https:\/\/schema.org\",\"@graph\":[{\"@type\":\"WebPage\",\"@id\":\"https:\/\/topenascouts.vps.webdock.cloud\/en\/product\/otocac-gospic\/\",\"url\":\"https:\/\/topenascouts.vps.webdock.cloud\/en\/product\/otocac-gospic\/\",\"name\":\"Oto\u010dac - Gospi\u0107 - Ridescouts\",\"isPartOf\":{\"@id\":\"https:\/\/topenascouts.vps.webdock.cloud\/en\/#website\"},\"primaryImageOfPage\":{\"@id\":\"https:\/\/topenascouts.vps.webdock.cloud\/en\/product\/otocac-gospic\/#primaryimage\"},\"image\":{\"@id\":\"https:\/\/topenascouts.vps.webdock.cloud\/en\/product\/otocac-gospic\/#primaryimage\"},\"thumbnailUrl\":\"https:\/\/topenascouts.vps.webdock.cloud\/app\/uploads\/2025\/01\/Mlinice-Majerove-za-web-1.jpg\",\"datePublished\":\"2025-01-15T10:12:09+00:00\",\"dateModified\":\"2025-04-08T11:08:20+00:00\",\"breadcrumb\":{\"@id\":\"https:\/\/topenascouts.vps.webdock.cloud\/en\/product\/otocac-gospic\/#breadcrumb\"},\"inLanguage\":\"en-US\",\"potentialAction\":[{\"@type\":\"ReadAction\",\"target\":[\"https:\/\/topenascouts.vps.webdock.cloud\/en\/product\/otocac-gospic\/\"]}]},{\"@type\":\"ImageObject\",\"inLanguage\":\"en-US\",\"@id\":\"https:\/\/topenascouts.vps.webdock.cloud\/en\/product\/otocac-gospic\/#primaryimage\",\"url\":\"https:\/\/topenascouts.vps.webdock.cloud\/app\/uploads\/2025\/01\/Mlinice-Majerove-za-web-1.jpg\",\"contentUrl\":\"https:\/\/topenascouts.vps.webdock.cloud\/app\/uploads\/2025\/01\/Mlinice-Majerove-za-web-1.jpg\",\"width\":800,\"height\":533},{\"@type\":\"BreadcrumbList\",\"@id\":\"https:\/\/topenascouts.vps.webdock.cloud\/en\/product\/otocac-gospic\/#breadcrumb\",\"itemListElement\":[{\"@type\":\"ListItem\",\"position\":1,\"name\":\"Home\",\"item\":\"https:\/\/topenascouts.vps.webdock.cloud\/en\/\"},{\"@type\":\"ListItem\",\"position\":2,\"name\":\"Shop\",\"item\":\"https:\/\/topenascouts.vps.webdock.cloud\/en\/shop\/\"},{\"@type\":\"ListItem\",\"position\":3,\"name\":\"Oto\u010dac &#8211; Gospi\u0107\"}]},{\"@type\":\"WebSite\",\"@id\":\"https:\/\/topenascouts.vps.webdock.cloud\/en\/#website\",\"url\":\"https:\/\/topenascouts.vps.webdock.cloud\/en\/\",\"name\":\"Ridescouts\",\"description\":\"\",\"potentialAction\":[{\"@type\":\"SearchAction\",\"target\":{\"@type\":\"EntryPoint\",\"urlTemplate\":\"https:\/\/topenascouts.vps.webdock.cloud\/en\/?s={search_term_string}\"},\"query-input\":{\"@type\":\"PropertyValueSpecification\",\"valueRequired\":true,\"valueName\":\"search_term_string\"}}],\"inLanguage\":\"en-US\"}]}<\/script>\n<!-- \/ Yoast SEO plugin. -->","yoast_head_json":{"title":"Oto\u010dac - Gospi\u0107 - Ridescouts","robots":{"index":"index","follow":"follow","max-snippet":"max-snippet:-1","max-image-preview":"max-image-preview:large","max-video-preview":"max-video-preview:-1"},"canonical":"https:\/\/topenascouts.vps.webdock.cloud\/en\/product\/otocac-gospic\/","og_locale":"en_US","og_type":"article","og_title":"Oto\u010dac - Gospi\u0107 - Ridescouts","og_description":"This tour is connecting the towns of Oto\u010dac and Gospi\u0107. This route offers a mix of serene natural landscapes, traditional villages, and glimpses into the rich cultural heritage of the region.","og_url":"https:\/\/topenascouts.vps.webdock.cloud\/en\/product\/otocac-gospic\/","og_site_name":"Ridescouts","article_modified_time":"2025-04-08T11:08:20+00:00","og_image":[{"width":800,"height":533,"url":"https:\/\/topenascouts.vps.webdock.cloud\/app\/uploads\/2025\/01\/Mlinice-Majerove-za-web-1.jpg","type":"image\/jpeg"}],"twitter_card":"summary_large_image","twitter_misc":{"Est. reading time":"2 minutes"},"schema":{"@context":"https:\/\/schema.org","@graph":[{"@type":"WebPage","@id":"https:\/\/topenascouts.vps.webdock.cloud\/en\/product\/otocac-gospic\/","url":"https:\/\/topenascouts.vps.webdock.cloud\/en\/product\/otocac-gospic\/","name":"Oto\u010dac - Gospi\u0107 - Ridescouts","isPartOf":{"@id":"https:\/\/topenascouts.vps.webdock.cloud\/en\/#website"},"primaryImageOfPage":{"@id":"https:\/\/topenascouts.vps.webdock.cloud\/en\/product\/otocac-gospic\/#primaryimage"},"image":{"@id":"https:\/\/topenascouts.vps.webdock.cloud\/en\/product\/otocac-gospic\/#primaryimage"},"thumbnailUrl":"https:\/\/topenascouts.vps.webdock.cloud\/app\/uploads\/2025\/01\/Mlinice-Majerove-za-web-1.jpg","datePublished":"2025-01-15T10:12:09+00:00","dateModified":"2025-04-08T11:08:20+00:00","breadcrumb":{"@id":"https:\/\/topenascouts.vps.webdock.cloud\/en\/product\/otocac-gospic\/#breadcrumb"},"inLanguage":"en-US","potentialAction":[{"@type":"ReadAction","target":["https:\/\/topenascouts.vps.webdock.cloud\/en\/product\/otocac-gospic\/"]}]},{"@type":"ImageObject","inLanguage":"en-US","@id":"https:\/\/topenascouts.vps.webdock.cloud\/en\/product\/otocac-gospic\/#primaryimage","url":"https:\/\/topenascouts.vps.webdock.cloud\/app\/uploads\/2025\/01\/Mlinice-Majerove-za-web-1.jpg","contentUrl":"https:\/\/topenascouts.vps.webdock.cloud\/app\/uploads\/2025\/01\/Mlinice-Majerove-za-web-1.jpg","width":800,"height":533},{"@type":"BreadcrumbList","@id":"https:\/\/topenascouts.vps.webdock.cloud\/en\/product\/otocac-gospic\/#breadcrumb","itemListElement":[{"@type":"ListItem","position":1,"name":"Home","item":"https:\/\/topenascouts.vps.webdock.cloud\/en\/"},{"@type":"ListItem","position":2,"name":"Shop","item":"https:\/\/topenascouts.vps.webdock.cloud\/en\/shop\/"},{"@type":"ListItem","position":3,"name":"Oto\u010dac &#8211; Gospi\u0107"}]},{"@type":"WebSite","@id":"https:\/\/topenascouts.vps.webdock.cloud\/en\/#website","url":"https:\/\/topenascouts.vps.webdock.cloud\/en\/","name":"Ridescouts","description":"","potentialAction":[{"@type":"SearchAction","target":{"@type":"EntryPoint","urlTemplate":"https:\/\/topenascouts.vps.webdock.cloud\/en\/?s={search_term_string}"},"query-input":{"@type":"PropertyValueSpecification","valueRequired":true,"valueName":"search_term_string"}}],"inLanguage":"en-US"}]}},"_links":{"self":[{"href":"https:\/\/topenascouts.vps.webdock.cloud\/en\/wp-json\/wp\/v2\/product\/382","targetHints":{"allow":["GET"]}}],"collection":[{"href":"https:\/\/topenascouts.vps.webdock.cloud\/en\/wp-json\/wp\/v2\/product"}],"about":[{"href":"https:\/\/topenascouts.vps.webdock.cloud\/en\/wp-json\/wp\/v2\/types\/product"}],"replies":[{"embeddable":true,"href":"https:\/\/topenascouts.vps.webdock.cloud\/en\/wp-json\/wp\/v2\/comments?post=382"}],"wp:featuredmedia":[{"embeddable":true,"href":"https:\/\/topenascouts.vps.webdock.cloud\/en\/wp-json\/wp\/v2\/media\/404"}],"wp:attachment":[{"href":"https:\/\/topenascouts.vps.webdock.cloud\/en\/wp-json\/wp\/v2\/media?parent=382"}],"wp:term":[{"taxonomy":"region","embeddable":true,"href":"https:\/\/topenascouts.vps.webdock.cloud\/en\/wp-json\/wp\/v2\/region?post=382"},{"taxonomy":"product_brand","embeddable":true,"href":"https:\/\/topenascouts.vps.webdock.cloud\/en\/wp-json\/wp\/v2\/product_brand?post=382"},{"taxonomy":"product_cat","embeddable":true,"href":"https:\/\/topenascouts.vps.webdock.cloud\/en\/wp-json\/wp\/v2\/product_cat?post=382"},{"taxonomy":"product_tag","embeddable":true,"href":"https:\/\/topenascouts.vps.webdock.cloud\/en\/wp-json\/wp\/v2\/product_tag?post=382"}],"curies":[{"name":"wp","href":"https:\/\/api.w.org\/{rel}","templated":true}]}}